{"id":7633,"date":"2012-08-30T01:26:13","date_gmt":"2012-08-30T01:26:13","guid":{"rendered":"https:\/\/cinve.org.uy\/institutional-objectives\/"},"modified":"2012-08-30T01:26:13","modified_gmt":"2012-08-30T01:26:13","slug":"institutional-objectives","status":"publish","type":"page","link":"https:\/\/cinve.org.uy\/en\/institutional-objectives\/","title":{"rendered":"Institutional Objectives"},"content":{"rendered":"<p>Los investigadores de<strong>\u00a0cinve<\/strong>\u00a0han desarrollado tradicionalmente actividades docentes, principalmente a nivel universitario. Durante los \u00faltimos a\u00f1os<strong>\u00a0cinve<\/strong>\u00a0ha llevado adelante una serie de cursos de capacitaci\u00f3n y actualizaci\u00f3n profesional en respuesta a diversas demandas de instituciones nacionales y extranjeras, estudiantes avanzados y j\u00f3venes profesionales universitarios. Gracias a ello se ha consolidando un cuerpo docente reconocido en el medio.<\/p>\n<p>A partir de 2006\u00a0<strong>cinve<\/strong>\u00a0se propuso dar nuevo impulso a las actividades de educaci\u00f3n con contenidos y modalidades nuevas y ampliadas. Para ello, se incorporan nuevos investigadores y profesionales con formaci\u00f3n relevante en diversas especializaciones y experiencia destacada en la docencia universitaria.<\/p>\n<p>En abril de dicho a\u00f1o se realiza un acuerdo con la Universidad ORT de Uruguay. Considerando el potencial que representa la comuni\u00f3n de esfuerzos, as\u00ed como las complementariedades ambas instituciones han acordado desarrollar un Emprendimiento Acad\u00e9mico Conjunto en el \u00e1rea de econom\u00eda.<\/p>\n<p><strong>\u00c1reas de referencia de los cursos:<\/strong><\/p>\n<p>A partir de lo anterior,\u00a0<strong>cinve<\/strong>\u00a0avanza en su prop\u00f3sito de formar en econom\u00eda y promover la divulgaci\u00f3n del conocimiento de la disciplina.<\/p>\n<p>Las actividades educativas est\u00e1n dirigidas a estudiantes avanzados y egresados del \u00e1rea econ\u00f3mica, as\u00ed como a profesionales que asesoran o toman decisiones en el \u00e1mbito privado y\/o p\u00fablico. cinve adem\u00e1s promueve actividades orientadas al p\u00fablico general.<\/p>\n<p>El nuevo dise\u00f1o de cursos de cinve busca cubrir algunos temas de importancia como son las capacidades para el dise\u00f1o y gesti\u00f3n de pol\u00edticas p\u00fablicas, las capacidades de innovaci\u00f3n y la reforma de la salud.<\/p>\n<p><em>Cursos de Econom\u00eda<\/em><\/p>\n<p>Los cursos tradicionales tienen el objetivo de brindar conocimiento y herramientas para el an\u00e1lisis y las predicciones macroecon\u00f3micas, as\u00ed como para estudio de los sectores de actividad. Existe adem\u00e1s, un curso b\u00e1sico que intenta dar elementos para entender la econom\u00eda del Uruguay.<\/p>\n<p><em>Cursos en el \u00e1rea de la Empresa<\/em><\/p>\n<p>Tienen la finalidad de introducir conceptos econ\u00f3micos y financieros as\u00ed como fortalecer las capacidades de los participantes en el uso de ellos para la correcta toma de decisiones. Asimismo, se presentan y se entrena a los asistentes en el uso de t\u00e9cnicas para la predicci\u00f3n de variables claves y en los fundamentos para el an\u00e1lisis de situaciones complejas de las empresas y organizaciones<\/p>\n<p><em>Cursos en el \u00e1rea de Sector P\u00fablico<\/em><\/p>\n<p>Se propone brindar formaci\u00f3n en metodolog\u00edas y contenidos para desarrollar conocimientos y competencias destinadas a fortalecer la capacidad estrat\u00e9gica y de gesti\u00f3n del sector p\u00fablico. Para ello se recurre al an\u00e1lisis de la econom\u00eda del sector p\u00fablico y al desarrollo de la gobernanza p\u00fablica.<\/p>\n<p><em>Cursos en el \u00e1rea de Sector Financiero<\/em><\/p>\n<p>Procuran introducir los conceptos b\u00e1sicos y las herramientas de an\u00e1lisis est\u00e1ndares para describir y predecir la evoluci\u00f3n de las variables financieras. Para ello se introducen los conceptos de modelizaci\u00f3n de riesgo, construcci\u00f3n y an\u00e1lisis de flujos, desarrollo y estructuraci\u00f3n de instrumentos financieros.<\/p>\n<p><em>Cursos en el \u00e1rea de la Salud<\/em><\/p>\n<p>Tiene el prop\u00f3sito de capacitor en la utilizaci\u00f3n de m\u00e9todos y procedimientos eficaces para mejorar la gesti\u00f3n de servicios de salud.<\/p>\n","protected":false},"excerpt":{"rendered":"<p>Los investigadores de\u00a0cinve\u00a0han desarrollado tradicionalmente actividades docentes, principalmente a nivel universitario. Durante los \u00faltimos a\u00f1os\u00a0cinve\u00a0ha llevado adelante una serie de cursos de capacitaci\u00f3n y actualizaci\u00f3n profesional en respuesta a diversas demandas de instituciones nacionales y extranjeras, estudiantes avanzados y j\u00f3venes profesionales universitarios. Gracias a ello se ha consolidando un cuerpo docente reconocido en el medio. [&hellip;]<\/p>\n","protected":false},"author":1,"featured_media":0,"parent":0,"menu_order":0,"comment_status":"open","ping_status":"open","template":"","meta":{"footnotes":""},"class_list":["post-7633","page","type-page","status-publish"],"aioseo_notices":[],"_links":{"self":[{"href":"https:\/\/cinve.org.uy\/en\/wp-json\/wp\/v2\/pages\/7633","targetHints":{"allow":["GET"]}}],"collection":[{"href":"https:\/\/cinve.org.uy\/en\/wp-json\/wp\/v2\/pages"}],"about":[{"href":"https:\/\/cinve.org.uy\/en\/wp-json\/wp\/v2\/types\/page"}],"author":[{"embeddable":true,"href":"https:\/\/cinve.org.uy\/en\/wp-json\/wp\/v2\/users\/1"}],"replies":[{"embeddable":true,"href":"https:\/\/cinve.org.uy\/en\/wp-json\/wp\/v2\/comments?post=7633"}],"version-history":[{"count":0,"href":"https:\/\/cinve.org.uy\/en\/wp-json\/wp\/v2\/pages\/7633\/revisions"}],"wp:attachment":[{"href":"https:\/\/cinve.org.uy\/en\/wp-json\/wp\/v2\/media?parent=7633"}],"curies":[{"name":"wp","href":"https:\/\/api.w.org\/{rel}","templated":true}]}}