{"id":7669,"date":"2012-09-18T17:54:59","date_gmt":"2012-09-18T17:54:59","guid":{"rendered":"https:\/\/cinve.org.uy\/articulos-publicados-economia-del-sector-publico\/"},"modified":"2012-09-18T17:54:59","modified_gmt":"2012-09-18T17:54:59","slug":"articulos-publicados-economia-del-sector-publico","status":"publish","type":"page","link":"https:\/\/cinve.org.uy\/en\/articulos-publicados-economia-del-sector-publico\/","title":{"rendered":"Art\u00edculos publicados &#8211; Econom\u00eda del Sector P\u00fablico"},"content":{"rendered":"<p><\/p>\n","protected":false},"excerpt":{"rendered":"","protected":false},"author":1,"featured_media":0,"parent":0,"menu_order":0,"comment_status":"open","ping_status":"closed","template":"","meta":{"footnotes":""},"class_list":["post-7669","page","type-page","status-publish"],"aioseo_notices":[],"_links":{"self":[{"href":"https:\/\/cinve.org.uy\/en\/wp-json\/wp\/v2\/pages\/7669","targetHints":{"allow":["GET"]}}],"collection":[{"href":"https:\/\/cinve.org.uy\/en\/wp-json\/wp\/v2\/pages"}],"about":[{"href":"https:\/\/cinve.org.uy\/en\/wp-json\/wp\/v2\/types\/page"}],"author":[{"embeddable":true,"href":"https:\/\/cinve.org.uy\/en\/wp-json\/wp\/v2\/users\/1"}],"replies":[{"embeddable":true,"href":"https:\/\/cinve.org.uy\/en\/wp-json\/wp\/v2\/comments?post=7669"}],"version-history":[{"count":0,"href":"https:\/\/cinve.org.uy\/en\/wp-json\/wp\/v2\/pages\/7669\/revisions"}],"wp:attachment":[{"href":"https:\/\/cinve.org.uy\/en\/wp-json\/wp\/v2\/media?parent=7669"}],"curies":[{"name":"wp","href":"https:\/\/api.w.org\/{rel}","templated":true}]}}