{"id":7781,"date":"2014-03-04T18:15:46","date_gmt":"2014-03-04T18:15:46","guid":{"rendered":"https:\/\/cinve.org.uy\/training-program\/"},"modified":"2014-03-04T18:15:46","modified_gmt":"2014-03-04T18:15:46","slug":"training-program","status":"publish","type":"page","link":"https:\/\/cinve.org.uy\/en\/training-program\/","title":{"rendered":"Training program"},"content":{"rendered":"<h1><\/h1>\n<h1>PROGRAMA DE FORMACI\u00d3N EN M\u00c9TODOS CUANTITATIVOS<\/h1>\n<p>El programa tiene como objetivo capacitar a los participantes en el uso de t\u00e9cnicas para el an\u00e1lisis de variables y situaciones complejas ya sea dentro de la empresa como desde el punto de vista macroecon\u00f3mico. Un objetivo espec\u00edfico a destacar es que se busca adiestrar al participante en el uso de rutinas y procedimientos inform\u00e1ticos disponibles para la aplicaci\u00f3n pr\u00e1ctica de las t\u00e9cnicas estad\u00edsticas y econom\u00e9tricas<\/p>\n<p>El Certificado de Especializaci\u00f3n en M\u00e9todos Cuantitativos se ofrece en dos orientaciones i) econom\u00eda y ii) finanzas. Ha sido dise\u00f1ado para brindar herramientas pr\u00e1cticas, t\u00e9cnicas matem\u00e1ticas y estad\u00edsticas, aplicaciones inform\u00e1ticas complejas tendientes a dotar a los profesionales del sector de apoyos invalorables para los an\u00e1lisis econ\u00f3micos y financieros.<\/p>\n<p><em>Los Cursos se dictan en<strong>\u00a0<\/strong><\/em><strong>cinve<\/strong><\/p>\n<p><strong><\/strong><strong>Inscripciones: a partir del 1\/4\/2013\u00a0<\/strong><\/p>\n<p>Por inscripciones, costos y formas de pago: Mercedes Mari\u00f1o\u00a0(<strong><em>marino@ort.edu.uy<\/em><\/strong>)\u00a0(ORT)<\/p>\n<p>Por mayor informaci\u00f3n:\u00a0<strong><em>educacion@cinve.org.uy<\/em><\/strong><\/p>\n<p><a href=\"https:\/\/cinve.org.uy\/wp-content\/uploads\/2012\/09\/Cronograma-2013.pdf\">Cronograma 2013<\/a><\/p>\n<p><a title=\"welcome to Uruguay\" href=\"http:\/\/www.welcomeuruguay.com\/montevideo\/lodging.html\" target=\"_blank\" rel=\"noopener noreferrer\">Alojamiento e informaci\u00f3n sobre Uruguay<\/a><\/p>\n<p><a href=\"https:\/\/cinve.org.uy\/wp-content\/uploads\/2012\/09\/Folleto-MCA.pdf\">Informaci\u00f3n en detalle<\/a><\/p>\n<h1><\/h1>\n","protected":false},"excerpt":{"rendered":"<p>PROGRAMA DE FORMACI\u00d3N EN M\u00c9TODOS CUANTITATIVOS El programa tiene como objetivo capacitar a los participantes en el uso de t\u00e9cnicas para el an\u00e1lisis de variables y situaciones complejas ya sea dentro de la empresa como desde el punto de vista macroecon\u00f3mico. Un objetivo espec\u00edfico a destacar es que se busca adiestrar al participante en el [&hellip;]<\/p>\n","protected":false},"author":1,"featured_media":0,"parent":0,"menu_order":0,"comment_status":"open","ping_status":"open","template":"","meta":{"footnotes":""},"class_list":["post-7781","page","type-page","status-publish"],"aioseo_notices":[],"_links":{"self":[{"href":"https:\/\/cinve.org.uy\/en\/wp-json\/wp\/v2\/pages\/7781","targetHints":{"allow":["GET"]}}],"collection":[{"href":"https:\/\/cinve.org.uy\/en\/wp-json\/wp\/v2\/pages"}],"about":[{"href":"https:\/\/cinve.org.uy\/en\/wp-json\/wp\/v2\/types\/page"}],"author":[{"embeddable":true,"href":"https:\/\/cinve.org.uy\/en\/wp-json\/wp\/v2\/users\/1"}],"replies":[{"embeddable":true,"href":"https:\/\/cinve.org.uy\/en\/wp-json\/wp\/v2\/comments?post=7781"}],"version-history":[{"count":0,"href":"https:\/\/cinve.org.uy\/en\/wp-json\/wp\/v2\/pages\/7781\/revisions"}],"wp:attachment":[{"href":"https:\/\/cinve.org.uy\/en\/wp-json\/wp\/v2\/media?parent=7781"}],"curies":[{"name":"wp","href":"https:\/\/api.w.org\/{rel}","templated":true}]}}